{"id":292,"date":"2011-10-26T14:07:05","date_gmt":"2011-10-26T14:07:05","guid":{"rendered":"http:\/\/www.kramer-schuster.de\/content\/?page_id=292"},"modified":"2020-10-21T12:04:36","modified_gmt":"2020-10-21T12:04:36","slug":"individualproduktion","status":"publish","type":"page","link":"https:\/\/www.kramer-schuster.de\/content\/individualproduktion","title":{"rendered":"Individualproduktion"},"content":{"rendered":"<p><img loading=\"lazy\" decoding=\"async\" class=\"aligncenter wp-image-1832\" src=\"https:\/\/www.kramer-schuster.de\/content\/wp-content\/uploads\/Sascha-ani.gif\" alt=\"\" width=\"310\" height=\"415\"><\/p>\n<h3 style=\"text-align: center;\">Sie m\u00f6chten mal etwas anderes?<\/h3>\n<p style=\"text-align: center;\">Mit der Individualproduktion entwickeln wir f\u00fcr Sie gern neue Ideen oder setzen Ihre W\u00fcnsche in die&nbsp;Realit\u00e4t um. Wir versuchen f\u00fcr jede Vorstellung eine&nbsp;L\u00f6sung zu finden.&nbsp;Hierbei&nbsp;k\u00f6nnen wir unterschiedlichste Arten von Materialien und deren Bearbeitungsvarianten verwenden.<\/p>\nngg_shortcode_0_placeholder\n","protected":false},"excerpt":{"rendered":"<p>Sie m\u00f6chten mal etwas anderes? Mit der Individualproduktion entwickeln wir f\u00fcr Sie gern neue Ideen oder setzen Ihre W\u00fcnsche in die&nbsp;Realit\u00e4t um. Wir versuchen f\u00fcr jede Vorstellung eine&nbsp;L\u00f6sung zu finden.&nbsp;Hierbei&nbsp;k\u00f6nnen &#8230;<\/p>\n","protected":false},"author":6,"featured_media":0,"parent":0,"menu_order":0,"comment_status":"closed","ping_status":"closed","template":"template-fullwidth.php","meta":{"ngg_post_thumbnail":0,"footnotes":""},"class_list":["post-292","page","type-page","status-publish","hentry"],"_links":{"self":[{"href":"https:\/\/www.kramer-schuster.de\/content\/wp-json\/wp\/v2\/pages\/292","targetHints":{"allow":["GET"]}}],"collection":[{"href":"https:\/\/www.kramer-schuster.de\/content\/wp-json\/wp\/v2\/pages"}],"about":[{"href":"https:\/\/www.kramer-schuster.de\/content\/wp-json\/wp\/v2\/types\/page"}],"author":[{"embeddable":true,"href":"https:\/\/www.kramer-schuster.de\/content\/wp-json\/wp\/v2\/users\/6"}],"replies":[{"embeddable":true,"href":"https:\/\/www.kramer-schuster.de\/content\/wp-json\/wp\/v2\/comments?post=292"}],"version-history":[{"count":46,"href":"https:\/\/www.kramer-schuster.de\/content\/wp-json\/wp\/v2\/pages\/292\/revisions"}],"predecessor-version":[{"id":2690,"href":"https:\/\/www.kramer-schuster.de\/content\/wp-json\/wp\/v2\/pages\/292\/revisions\/2690"}],"wp:attachment":[{"href":"https:\/\/www.kramer-schuster.de\/content\/wp-json\/wp\/v2\/media?parent=292"}],"curies":[{"name":"wp","href":"https:\/\/api.w.org\/{rel}","templated":true}]}}