{"id":233,"date":"2011-10-24T09:58:21","date_gmt":"2011-10-24T09:58:21","guid":{"rendered":"http:\/\/www.kramer-schuster.de\/content\/?page_id=233"},"modified":"2020-11-11T15:25:52","modified_gmt":"2020-11-11T15:25:52","slug":"displays-awards","status":"publish","type":"page","link":"https:\/\/www.kramer-schuster.de\/content\/displays-awards","title":{"rendered":"Awards"},"content":{"rendered":"<h3 style=\"text-align: center;\"><img loading=\"lazy\" decoding=\"async\" class=\"aligncenter wp-image-266 size-full\" title=\"!Startbild_awards\" src=\"https:\/\/www.kramer-schuster.de\/content\/wp-content\/uploads\/Startbild_awards2.jpg\" alt=\"\" width=\"850\" height=\"475\" srcset=\"https:\/\/www.kramer-schuster.de\/content\/wp-content\/uploads\/Startbild_awards2.jpg 850w, https:\/\/www.kramer-schuster.de\/content\/wp-content\/uploads\/Startbild_awards2-300x167.jpg 300w\" sizes=\"auto, (max-width: 850px) 100vw, 850px\" \/><br>Das Zusammenwachsen verschiedener Materialen findet bei uns schlie\u00dflich einen Weg.<\/h3>\n<p style=\"text-align: center;\">Metalle und Kunststoff&nbsp; miteinander verbinden, formsch\u00f6ne Oberfl\u00e4chen f\u00fcr ein perfektes Erscheinungsbild schaffen \u2013 das Ergebnis langj\u00e4hriger Erfahrung und sorgf\u00e4ltiger Verarbeitung. Individuelle Sonderanfertigungen sind kein Problem f\u00fcr uns, sondern vielmehr eine Herausforderung.<\/p>\n\n\nngg_shortcode_0_placeholder\n\n\n\n<p><\/p>\n","protected":false},"excerpt":{"rendered":"<p>Das Zusammenwachsen verschiedener Materialen findet bei uns schlie\u00dflich einen Weg. Metalle und Kunststoff&nbsp; miteinander verbinden, formsch\u00f6ne Oberfl\u00e4chen f\u00fcr ein perfektes Erscheinungsbild schaffen \u2013 das Ergebnis langj\u00e4hriger Erfahrung und sorgf\u00e4ltiger Verarbeitung. &#8230;<\/p>\n","protected":false},"author":6,"featured_media":0,"parent":0,"menu_order":0,"comment_status":"closed","ping_status":"closed","template":"template-fullwidth.php","meta":{"ngg_post_thumbnail":0,"footnotes":""},"class_list":["post-233","page","type-page","status-publish","hentry"],"_links":{"self":[{"href":"https:\/\/www.kramer-schuster.de\/content\/wp-json\/wp\/v2\/pages\/233","targetHints":{"allow":["GET"]}}],"collection":[{"href":"https:\/\/www.kramer-schuster.de\/content\/wp-json\/wp\/v2\/pages"}],"about":[{"href":"https:\/\/www.kramer-schuster.de\/content\/wp-json\/wp\/v2\/types\/page"}],"author":[{"embeddable":true,"href":"https:\/\/www.kramer-schuster.de\/content\/wp-json\/wp\/v2\/users\/6"}],"replies":[{"embeddable":true,"href":"https:\/\/www.kramer-schuster.de\/content\/wp-json\/wp\/v2\/comments?post=233"}],"version-history":[{"count":59,"href":"https:\/\/www.kramer-schuster.de\/content\/wp-json\/wp\/v2\/pages\/233\/revisions"}],"predecessor-version":[{"id":2740,"href":"https:\/\/www.kramer-schuster.de\/content\/wp-json\/wp\/v2\/pages\/233\/revisions\/2740"}],"wp:attachment":[{"href":"https:\/\/www.kramer-schuster.de\/content\/wp-json\/wp\/v2\/media?parent=233"}],"curies":[{"name":"wp","href":"https:\/\/api.w.org\/{rel}","templated":true}]}}