{"id":230,"date":"2011-10-24T09:34:14","date_gmt":"2011-10-24T09:34:14","guid":{"rendered":"http:\/\/www.kramer-schuster.de\/content\/?page_id=230"},"modified":"2024-03-13T14:24:53","modified_gmt":"2024-03-13T14:24:53","slug":"schraubfundamente-krinner","status":"publish","type":"page","link":"https:\/\/www.kramer-schuster.de\/content\/schraubfundamente-krinner","title":{"rendered":"Schraubfundamente"},"content":{"rendered":"<p style=\"text-align: center;\"><img loading=\"lazy\" decoding=\"async\" class=\"wp-image-1781 aligncenter\" src=\"https:\/\/www.kramer-schuster.de\/content\/wp-content\/uploads\/Logo_Regionalpartner_rgb-300x62.jpg\" alt=\"\" width=\"401\" height=\"83\" srcset=\"https:\/\/www.kramer-schuster.de\/content\/wp-content\/uploads\/Logo_Regionalpartner_rgb-300x62.jpg 300w, https:\/\/www.kramer-schuster.de\/content\/wp-content\/uploads\/Logo_Regionalpartner_rgb-768x159.jpg 768w, https:\/\/www.kramer-schuster.de\/content\/wp-content\/uploads\/Logo_Regionalpartner_rgb-1024x212.jpg 1024w, https:\/\/www.kramer-schuster.de\/content\/wp-content\/uploads\/Logo_Regionalpartner_rgb.jpg 1039w\" sizes=\"auto, (max-width: 401px) 100vw, 401px\" \/><\/p>\n<h1 style=\"text-align: center;\"><span style=\"font-size: large;\">Moderner Fundamentbau mit <\/span><span style=\"font-size: large;\">Schraubfundamenten von Krinner<br><\/span><\/h1>\n<p style=\"text-align: center;\" align=\"left\">Mit den Schraubfundamenten revolutioniert KRINNER&nbsp; seit gut zehn Jahren weltweit den Fundamentbau. Bei einer alternativen Gr\u00fcndungsvariante mit KRINNER-Schraubfundamenten k\u00f6nnen Sie mit vielen \u00fcberzeugenden Systemvorteilen gegen\u00fcber einem herk\u00f6mmlichen Betonfundament rechnen. Die Produkte sind \u00e4u\u00dferst nachhaltig konzipiert und erm\u00f6glichen eine hohe Effizienz und Sicherheit in der Umsetzung. Der Fundamentbau mit KRINNER-Schraubfundamenten ist eine innovative und nachhaltige Alternative zu einem klassischen Betonfundament. Egal ob Gro\u00df- oder Kleinprojekte, wir bieten Verkauf, Maschinenverleih und Montageservice.<\/p>\n<p style=\"text-align: center;\" align=\"left\">Als <span id=\"decorator-synonym-entity-id-7\" data-entity-key=\"7\" data-offset-key=\"a7oau-1-0\"><span id=\"decorator-corrected-entity-id-7\" data-entity-key=\"7\" data-offset-key=\"a7oau-1-0\"><span data-offset-key=\"a7oau-1-0\">offizieller<\/span><\/span><\/span> Partner der KRINNER Schraubfundamente GmbH stehen wir Ihnen mit Rat und Tat zur Seite.<\/p>\n<p style=\"padding-left: 150px; text-align: center;\"><a href=\"https:\/\/www.krinner.io\/fachleute-finden\/\">Krinner Regionalpartner Infos&nbsp;&nbsp;&nbsp; &nbsp; &nbsp; &nbsp; &nbsp; &nbsp; &nbsp; &nbsp;&nbsp; &nbsp; &nbsp; &nbsp; &nbsp; &nbsp; &nbsp; &nbsp;&nbsp; &nbsp;&nbsp;&nbsp;&nbsp;&nbsp;&nbsp;&nbsp;&nbsp;&nbsp; <br><\/a><\/p>\n<p style=\"padding-left: 150px; text-align: center;\"><a href=\"http:\/\/www.ks-schraubfundamente.de\">www.ks-schraubfundamente.de&nbsp;&nbsp;&nbsp;&nbsp;&nbsp;&nbsp;&nbsp;&nbsp;&nbsp;&nbsp;&nbsp;&nbsp;&nbsp;&nbsp;&nbsp;&nbsp;&nbsp;&nbsp;&nbsp;&nbsp;&nbsp;&nbsp;&nbsp;&nbsp;&nbsp;&nbsp;&nbsp;&nbsp;&nbsp;&nbsp;&nbsp;&nbsp;&nbsp;&nbsp;&nbsp;&nbsp;&nbsp;&nbsp;&nbsp;&nbsp;&nbsp;&nbsp;&nbsp; <\/a><\/p>\n\n\n<div class=\"alignnormal\"><div id=\"metaslider-id-2591\" style=\"max-width: 700px; margin: 0 auto;\" class=\"ml-slider-3-107-0 metaslider metaslider-flex metaslider-2591 ml-slider has-dots-nav ms-theme-default\" role=\"region\" aria-label=\"Neue Slideshow\" data-height=\"400\" data-width=\"700\">\n    <div id=\"metaslider_container_2591\">\n        <div id=\"metaslider_2591\">\n            <ul class='slides'>\n                <li style=\"display: block; width: 100%;\" class=\"slide-2618 ms-image \" aria-roledescription=\"slide\" data-date=\"2020-08-27 10:52:19\" data-filename=\"Pic00001-min-700x400.jpg\" data-slide-type=\"image\"><img loading=\"lazy\" decoding=\"async\" src=\"https:\/\/www.kramer-schuster.de\/content\/wp-content\/uploads\/Pic00001-min-700x400.jpg\" height=\"400\" width=\"700\" alt=\"\" class=\"slider-2591 slide-2618 msDefaultImage\" title=\"Pic00001-min\" \/><\/li>\n                <li style=\"display: none; width: 100%;\" class=\"slide-2619 ms-image \" aria-roledescription=\"slide\" data-date=\"2020-08-27 10:52:20\" data-filename=\"Pic00002-min-700x400.jpg\" data-slide-type=\"image\"><img loading=\"lazy\" decoding=\"async\" src=\"https:\/\/www.kramer-schuster.de\/content\/wp-content\/uploads\/Pic00002-min-700x400.jpg\" height=\"400\" width=\"700\" alt=\"\" class=\"slider-2591 slide-2619 msDefaultImage\" title=\"Pic00002-min\" \/><\/li>\n                <li style=\"display: none; width: 100%;\" class=\"slide-2607 ms-image \" aria-roledescription=\"slide\" data-date=\"2020-08-27 10:52:16\" data-filename=\"Pic00005-min-700x400.jpg\" data-slide-type=\"image\"><img loading=\"lazy\" decoding=\"async\" src=\"https:\/\/www.kramer-schuster.de\/content\/wp-content\/uploads\/Pic00005-min-700x400.jpg\" height=\"400\" width=\"700\" alt=\"\" class=\"slider-2591 slide-2607 msDefaultImage\" title=\"Pic00005-min\" \/><\/li>\n                <li style=\"display: none; width: 100%;\" class=\"slide-2621 ms-image \" aria-roledescription=\"slide\" data-date=\"2020-08-27 10:52:21\" data-filename=\"Pic00004-min-700x400.jpg\" data-slide-type=\"image\"><img loading=\"lazy\" decoding=\"async\" src=\"https:\/\/www.kramer-schuster.de\/content\/wp-content\/uploads\/Pic00004-min-700x400.jpg\" height=\"400\" width=\"700\" alt=\"\" class=\"slider-2591 slide-2621 msDefaultImage\" title=\"Pic00004-min\" \/><\/li>\n                <li style=\"display: none; width: 100%;\" class=\"slide-2609 ms-image \" aria-roledescription=\"slide\" data-date=\"2020-08-27 10:52:17\" data-filename=\"Pic00007-min-700x400.jpg\" data-slide-type=\"image\"><img loading=\"lazy\" decoding=\"async\" src=\"https:\/\/www.kramer-schuster.de\/content\/wp-content\/uploads\/Pic00007-min-700x400.jpg\" height=\"400\" width=\"700\" alt=\"\" class=\"slider-2591 slide-2609 msDefaultImage\" title=\"Pic00007-min\" \/><\/li>\n                <li style=\"display: none; width: 100%;\" class=\"slide-2608 ms-image \" aria-roledescription=\"slide\" data-date=\"2020-08-27 10:52:17\" data-filename=\"Pic00006-min-700x400.jpg\" data-slide-type=\"image\"><img loading=\"lazy\" decoding=\"async\" src=\"https:\/\/www.kramer-schuster.de\/content\/wp-content\/uploads\/Pic00006-min-700x400.jpg\" height=\"400\" width=\"700\" alt=\"\" class=\"slider-2591 slide-2608 msDefaultImage\" title=\"Pic00006-min\" \/><\/li>\n                <li style=\"display: none; width: 100%;\" class=\"slide-2610 ms-image \" aria-roledescription=\"slide\" data-date=\"2020-08-27 10:52:18\" data-filename=\"Pic00008-min-700x400.jpg\" data-slide-type=\"image\"><img loading=\"lazy\" decoding=\"async\" src=\"https:\/\/www.kramer-schuster.de\/content\/wp-content\/uploads\/Pic00008-min-700x400.jpg\" height=\"400\" width=\"700\" alt=\"\" class=\"slider-2591 slide-2610 msDefaultImage\" title=\"Pic00008-min\" \/><\/li>\n                <li style=\"display: none; width: 100%;\" class=\"slide-2611 ms-image \" aria-roledescription=\"slide\" data-date=\"2020-08-27 10:52:18\" data-filename=\"Pic00009-min-700x400.jpg\" data-slide-type=\"image\"><img loading=\"lazy\" decoding=\"async\" src=\"https:\/\/www.kramer-schuster.de\/content\/wp-content\/uploads\/Pic00009-min-700x400.jpg\" height=\"400\" width=\"700\" alt=\"\" class=\"slider-2591 slide-2611 msDefaultImage\" title=\"Pic00009-min\" \/><\/li>\n                <li style=\"display: none; width: 100%;\" class=\"slide-2656 ms-image \" aria-roledescription=\"slide\" data-date=\"2020-08-27 14:31:27\" data-filename=\"SL730942_See-min-700x400.jpg\" data-slide-type=\"image\"><img loading=\"lazy\" decoding=\"async\" src=\"https:\/\/www.kramer-schuster.de\/content\/wp-content\/uploads\/SL730942_See-min-700x400.jpg\" height=\"400\" width=\"700\" alt=\"\" class=\"slider-2591 slide-2656 msDefaultImage\" title=\"SL730942_See-min\" \/><\/li>\n                <li style=\"display: none; width: 100%;\" class=\"slide-2615 ms-image \" aria-roledescription=\"slide\" data-date=\"2020-08-27 10:52:19\" data-filename=\"krinner_bankeins-min-700x400.jpg\" data-slide-type=\"image\"><img loading=\"lazy\" decoding=\"async\" src=\"https:\/\/www.kramer-schuster.de\/content\/wp-content\/uploads\/krinner_bankeins-min-700x400.jpg\" height=\"400\" width=\"700\" alt=\"\" class=\"slider-2591 slide-2615 msDefaultImage\" title=\"krinner_bankeins-min\" \/><\/li>\n                <li style=\"display: none; width: 100%;\" class=\"slide-2612 ms-image \" aria-roledescription=\"slide\" data-date=\"2020-08-27 10:52:18\" data-filename=\"Pic00010-min-700x400.jpg\" data-slide-type=\"image\"><img loading=\"lazy\" decoding=\"async\" src=\"https:\/\/www.kramer-schuster.de\/content\/wp-content\/uploads\/Pic00010-min-700x400.jpg\" height=\"400\" width=\"700\" alt=\"\" class=\"slider-2591 slide-2612 msDefaultImage\" title=\"Pic00010-min\" \/><\/li>\n                <li style=\"display: none; width: 100%;\" class=\"slide-2663 ms-image \" aria-roledescription=\"slide\" data-date=\"2020-08-31 07:36:34\" data-filename=\"BauchildKSF-min-700x400.jpg\" data-slide-type=\"image\"><img loading=\"lazy\" decoding=\"async\" src=\"https:\/\/www.kramer-schuster.de\/content\/wp-content\/uploads\/BauchildKSF-min-700x400.jpg\" height=\"400\" width=\"700\" alt=\"\" class=\"slider-2591 slide-2663 msDefaultImage\" title=\"BauchildKSF-min\" \/><\/li>\n                <li style=\"display: none; width: 100%;\" class=\"slide-2613 ms-image \" aria-roledescription=\"slide\" data-date=\"2020-08-27 10:52:18\" data-filename=\"Bauschild2-min-700x400.png\" data-slide-type=\"image\"><img loading=\"lazy\" decoding=\"async\" src=\"https:\/\/www.kramer-schuster.de\/content\/wp-content\/uploads\/Bauschild2-min-700x400.png\" height=\"400\" width=\"700\" alt=\"\" class=\"slider-2591 slide-2613 msDefaultImage\" title=\"Bauschild2-min\" \/><\/li>\n                <li style=\"display: none; width: 100%;\" class=\"slide-2616 ms-image \" aria-roledescription=\"slide\" data-date=\"2020-08-27 10:52:19\" data-filename=\"krinner_dumper-min-700x400.jpg\" data-slide-type=\"image\"><img loading=\"lazy\" decoding=\"async\" src=\"https:\/\/www.kramer-schuster.de\/content\/wp-content\/uploads\/krinner_dumper-min-700x400.jpg\" height=\"400\" width=\"700\" alt=\"\" class=\"slider-2591 slide-2616 msDefaultImage\" title=\"krinner_dumper-min\" \/><\/li>\n                <li style=\"display: none; width: 100%;\" class=\"slide-2617 ms-image \" aria-roledescription=\"slide\" data-date=\"2020-08-27 10:52:19\" data-filename=\"krinner_haus-min-700x400.jpg\" data-slide-type=\"image\"><img loading=\"lazy\" decoding=\"async\" src=\"https:\/\/www.kramer-schuster.de\/content\/wp-content\/uploads\/krinner_haus-min-700x400.jpg\" height=\"400\" width=\"700\" alt=\"\" class=\"slider-2591 slide-2617 msDefaultImage\" title=\"krinner_haus-min\" \/><\/li>\n                <li style=\"display: none; width: 100%;\" class=\"slide-2659 ms-image \" aria-roledescription=\"slide\" data-date=\"2020-08-27 14:31:27\" data-filename=\"DN0415_Strandperle-min-700x400.jpg\" data-slide-type=\"image\"><img loading=\"lazy\" decoding=\"async\" src=\"https:\/\/www.kramer-schuster.de\/content\/wp-content\/uploads\/DN0415_Strandperle-min-700x400.jpg\" height=\"400\" width=\"700\" alt=\"\" class=\"slider-2591 slide-2659 msDefaultImage\" title=\"DN0415_Strandperle-min\" \/><\/li>\n                <li style=\"display: none; width: 100%;\" class=\"slide-2658 ms-image \" aria-roledescription=\"slide\" data-date=\"2020-08-27 14:31:27\" data-filename=\"DSCN04_trandperle-min-700x400.jpg\" data-slide-type=\"image\"><img loading=\"lazy\" decoding=\"async\" src=\"https:\/\/www.kramer-schuster.de\/content\/wp-content\/uploads\/DSCN04_trandperle-min-700x400.jpg\" height=\"400\" width=\"700\" alt=\"\" class=\"slider-2591 slide-2658 msDefaultImage\" title=\"DSCN04_trandperle-min\" \/><\/li>\n                <li style=\"display: none; width: 100%;\" class=\"slide-2757 ms-image \" aria-roledescription=\"slide\" data-date=\"2020-11-27 10:12:35\" data-filename=\"Krinner-700x400.jpg\" data-slide-type=\"image\"><img loading=\"lazy\" decoding=\"async\" src=\"https:\/\/www.kramer-schuster.de\/content\/wp-content\/uploads\/Krinner-700x400.jpg\" height=\"400\" width=\"700\" alt=\"\" class=\"slider-2591 slide-2757 msDefaultImage\" title=\"Krinner\" \/><\/li>\n                <li style=\"display: none; width: 100%;\" class=\"slide-2655 ms-image \" aria-roledescription=\"slide\" data-date=\"2020-08-27 14:31:27\" data-filename=\"DSCN1197-min-700x400.jpg\" data-slide-type=\"image\"><img loading=\"lazy\" decoding=\"async\" src=\"https:\/\/www.kramer-schuster.de\/content\/wp-content\/uploads\/DSCN1197-min-700x400.jpg\" height=\"400\" width=\"700\" alt=\"\" class=\"slider-2591 slide-2655 msDefaultImage\" title=\"DSCN1197-min\" \/><\/li>\n                <li style=\"display: none; width: 100%;\" class=\"slide-2660 ms-image \" aria-roledescription=\"slide\" data-date=\"2020-08-27 14:31:27\" data-filename=\"DSCN1198-min-700x400.jpg\" data-slide-type=\"image\"><img loading=\"lazy\" decoding=\"async\" src=\"https:\/\/www.kramer-schuster.de\/content\/wp-content\/uploads\/DSCN1198-min-700x400.jpg\" height=\"400\" width=\"700\" alt=\"\" class=\"slider-2591 slide-2660 msDefaultImage\" title=\"DSCN1198-min\" \/><\/li>\n            <\/ul>\n        <\/div>\n        \n    <\/div>\n<\/div><\/div>\n\n\n","protected":false},"excerpt":{"rendered":"<p>Moderner Fundamentbau mit Schraubfundamenten von Krinner Mit den Schraubfundamenten revolutioniert KRINNER&nbsp; seit gut zehn Jahren weltweit den Fundamentbau. Bei einer alternativen Gr\u00fcndungsvariante mit KRINNER-Schraubfundamenten k\u00f6nnen Sie mit vielen \u00fcberzeugenden Systemvorteilen &#8230;<\/p>\n","protected":false},"author":6,"featured_media":0,"parent":0,"menu_order":0,"comment_status":"closed","ping_status":"closed","template":"template-fullwidth.php","meta":{"ngg_post_thumbnail":0,"footnotes":""},"class_list":["post-230","page","type-page","status-publish","hentry"],"_links":{"self":[{"href":"https:\/\/www.kramer-schuster.de\/content\/wp-json\/wp\/v2\/pages\/230","targetHints":{"allow":["GET"]}}],"collection":[{"href":"https:\/\/www.kramer-schuster.de\/content\/wp-json\/wp\/v2\/pages"}],"about":[{"href":"https:\/\/www.kramer-schuster.de\/content\/wp-json\/wp\/v2\/types\/page"}],"author":[{"embeddable":true,"href":"https:\/\/www.kramer-schuster.de\/content\/wp-json\/wp\/v2\/users\/6"}],"replies":[{"embeddable":true,"href":"https:\/\/www.kramer-schuster.de\/content\/wp-json\/wp\/v2\/comments?post=230"}],"version-history":[{"count":148,"href":"https:\/\/www.kramer-schuster.de\/content\/wp-json\/wp\/v2\/pages\/230\/revisions"}],"predecessor-version":[{"id":2834,"href":"https:\/\/www.kramer-schuster.de\/content\/wp-json\/wp\/v2\/pages\/230\/revisions\/2834"}],"wp:attachment":[{"href":"https:\/\/www.kramer-schuster.de\/content\/wp-json\/wp\/v2\/media?parent=230"}],"curies":[{"name":"wp","href":"https:\/\/api.w.org\/{rel}","templated":true}]}}