{"id":214,"date":"2011-10-24T09:10:25","date_gmt":"2011-10-24T09:10:25","guid":{"rendered":"http:\/\/www.kramer-schuster.de\/content\/?page_id=214"},"modified":"2020-11-11T15:56:25","modified_gmt":"2020-11-11T15:56:25","slug":"gravurtechnik","status":"publish","type":"page","link":"https:\/\/www.kramer-schuster.de\/content\/gravurtechnik","title":{"rendered":"Gravurtechnik"},"content":{"rendered":"<h3><img loading=\"lazy\" decoding=\"async\" class=\"aligncenter wp-image-1684 size-large\" src=\"https:\/\/www.kramer-schuster.de\/content\/wp-content\/uploads\/928993089_491d18b4d3_b-1-1024x683.jpg\" alt=\"\" width=\"800\" height=\"534\" srcset=\"https:\/\/www.kramer-schuster.de\/content\/wp-content\/uploads\/928993089_491d18b4d3_b-1.jpg 1024w, https:\/\/www.kramer-schuster.de\/content\/wp-content\/uploads\/928993089_491d18b4d3_b-1-300x200.jpg 300w, https:\/\/www.kramer-schuster.de\/content\/wp-content\/uploads\/928993089_491d18b4d3_b-1-768x512.jpg 768w\" sizes=\"auto, (max-width: 800px) 100vw, 800px\" \/><\/h3>\n<h3>&nbsp;<\/h3>\n<h3 style=\"text-align: center;\">Gravieren &#8211; Qualit\u00e4t durch aufwendige Bearbeitung &#8211; Wir haben den Durchblick<\/h3>\n<p style=\"text-align: center;\">&nbsp;Gravuren sind zeitbest\u00e4ndige Beschriftungen und Ornamentierungen, die bei uns mit modernster CNC-Technik ausgef\u00fchrt werden. Moderne Fr\u00e4sen, die die M\u00f6glichkeit bieten, die zu beschriftende Oberf\u00e4che \u00fcber ein Messfeld abzutasten, bieten die Gew\u00e4hr f\u00fcr eine saubere, gleichm\u00e4\u00dfige Bearbeitung. Neben der klassischen Gravur in Messing, Aluminium oder Resopal haben wir langj\u00e4hrige Erfahrung in der Beschriftung von Edelstahl. Auch gro\u00dfformatige Arbeiten wie die Gravur von Wandelementen und Aufzugskabinen werden bei uns realisiert. Kombiniert wird die Gravurtechnik mit der Fr\u00e4s-technik, die z.B. Frontplatten aus Aluminium, Messing oder Acryl herstellt.<\/p>\n<p style=\"text-align: center;\">Ob eine handschriftliche Skizze von uns in CAD\/CAM-Formaten umgesetzt wird oder technische Zeichnungen direkt importiert werden, unsere Fr\u00e4steile zeichnen sich durch eine Zehntelmillimeter Pass- genauigkeit aus. Der Bereich der Gravur- bzw. Fr\u00e4stechnik nimmt eine zentrale Stellung in unserer Firma ein, da sie im Zusammenspiel mit der Druck- und in der Kombination mit der Wasserstrahltechnik die Palette unserer M\u00f6glichkeiten im technischen und individuellen Produktionsprozess vergr\u00f6\u00dfert.<\/p>\nngg_shortcode_0_placeholder\n","protected":false},"excerpt":{"rendered":"<p>&nbsp; Gravieren &#8211; Qualit\u00e4t durch aufwendige Bearbeitung &#8211; Wir haben den Durchblick &nbsp;Gravuren sind zeitbest\u00e4ndige Beschriftungen und Ornamentierungen, die bei uns mit modernster CNC-Technik ausgef\u00fchrt werden. Moderne Fr\u00e4sen, die die &#8230;<\/p>\n","protected":false},"author":6,"featured_media":0,"parent":0,"menu_order":0,"comment_status":"closed","ping_status":"closed","template":"template-fullwidth.php","meta":{"ngg_post_thumbnail":0,"footnotes":""},"class_list":["post-214","page","type-page","status-publish","hentry"],"_links":{"self":[{"href":"https:\/\/www.kramer-schuster.de\/content\/wp-json\/wp\/v2\/pages\/214","targetHints":{"allow":["GET"]}}],"collection":[{"href":"https:\/\/www.kramer-schuster.de\/content\/wp-json\/wp\/v2\/pages"}],"about":[{"href":"https:\/\/www.kramer-schuster.de\/content\/wp-json\/wp\/v2\/types\/page"}],"author":[{"embeddable":true,"href":"https:\/\/www.kramer-schuster.de\/content\/wp-json\/wp\/v2\/users\/6"}],"replies":[{"embeddable":true,"href":"https:\/\/www.kramer-schuster.de\/content\/wp-json\/wp\/v2\/comments?post=214"}],"version-history":[{"count":50,"href":"https:\/\/www.kramer-schuster.de\/content\/wp-json\/wp\/v2\/pages\/214\/revisions"}],"predecessor-version":[{"id":2741,"href":"https:\/\/www.kramer-schuster.de\/content\/wp-json\/wp\/v2\/pages\/214\/revisions\/2741"}],"wp:attachment":[{"href":"https:\/\/www.kramer-schuster.de\/content\/wp-json\/wp\/v2\/media?parent=214"}],"curies":[{"name":"wp","href":"https:\/\/api.w.org\/{rel}","templated":true}]}}