{"id":213,"date":"2011-10-24T09:11:32","date_gmt":"2011-10-24T09:11:32","guid":{"rendered":"http:\/\/www.kramer-schuster.de\/content\/?page_id=213"},"modified":"2019-01-31T14:46:32","modified_gmt":"2019-01-31T14:46:32","slug":"lasertechnik","status":"publish","type":"page","link":"https:\/\/www.kramer-schuster.de\/content\/lasertechnik","title":{"rendered":"Lasertechnik"},"content":{"rendered":"<p style=\"text-align: center;\"><img loading=\"lazy\" decoding=\"async\" class=\"alignnone wp-image-2095 size-large\" title=\"mistral_titel\" src=\"https:\/\/www.kramer-schuster.de\/content\/wp-content\/uploads\/Lasertechnik-Home-1-1024x335.jpg\" alt=\"\" width=\"800\" height=\"262\" srcset=\"https:\/\/www.kramer-schuster.de\/content\/wp-content\/uploads\/Lasertechnik-Home-1-1024x335.jpg 1024w, https:\/\/www.kramer-schuster.de\/content\/wp-content\/uploads\/Lasertechnik-Home-1-300x98.jpg 300w, https:\/\/www.kramer-schuster.de\/content\/wp-content\/uploads\/Lasertechnik-Home-1-768x251.jpg 768w\" sizes=\"auto, (max-width: 800px) 100vw, 800px\" \/><\/p>\n<p style=\"text-align: center;\">Gravuren&nbsp;&nbsp;&nbsp;&nbsp;&nbsp;&nbsp;&nbsp;&nbsp;&nbsp;&nbsp;&nbsp;&nbsp;&nbsp;&nbsp;&nbsp;&nbsp;&nbsp;&nbsp;&nbsp;&nbsp;&nbsp;&nbsp;&nbsp;&nbsp;&nbsp;&nbsp;&nbsp;&nbsp;&nbsp;&nbsp;&nbsp;&nbsp;&nbsp;&nbsp;&nbsp;&nbsp;&nbsp;&nbsp;&nbsp;&nbsp;&nbsp; Filigrane Schnitte&nbsp;&nbsp;&nbsp;&nbsp;&nbsp;&nbsp;&nbsp;&nbsp;&nbsp;&nbsp;&nbsp;&nbsp;&nbsp;&nbsp;&nbsp;&nbsp;&nbsp;&nbsp;&nbsp;&nbsp;&nbsp;&nbsp;&nbsp;&nbsp;&nbsp;&nbsp;&nbsp;&nbsp;&nbsp;&nbsp;&nbsp;&nbsp;&nbsp;&nbsp; Glatte Kanten<\/p>\n<p>&nbsp;<\/p>\n<h3 style=\"text-align: center;\">Lasertechnik&nbsp; &#8211;&nbsp; Schneiden, Gravieren und Markieren<\/h3>\n<p style=\"text-align: center;\">Die Lasertechnik bietet eine F\u00fclle von Anwendungsm\u00f6glichkeiten. In der Bandbreite zwischen hochwertigem Formschnitt mit sauber polierten Kanten bei Acryl und der kosteng\u00fcnstigen Beschriftung gro\u00dfer Serien mittels Lasergravur. Daf\u00fcr stehen uns unterschiedliche Laserquellen zur Verf\u00fcgung. Der CO2 Laser ist Spezialist f\u00fcr das Schneiden von ausgew\u00e4hlten Kunststoffen wie Plexiglas oder Polykarbonat. Damit lassen sich etwa in der Kombination mit Sieb- oder UV-Druck selbstklebende Bedienoberfl\u00e4che f\u00fcr Maschinen erstellen. Aber auch um plastische Gravuren oder reliefartige \u00dcbertragungen von Bildern in Acryl zu erzielen, bietet sich der CO2 Laser in der Lasertechnik an. Eine andere Lasertechnologie, die des YAG-Lasers, erm\u00f6glicht die Schwarzf\u00e4rbung von Edelstahl f\u00fcr die kosteng\u00fcnstige Lasergravur von Einzelschildern, Pokalen oder Skalen. Daneben lassen sich auch diverse Kunststoffe und Buntmetalle umf\u00e4rben, wobei diese Bearbeitung f\u00fcr den Werkstoff besonders schonend erfolgt, so dass auch iPads oder Digitalkameras ihre individuelle Beschriftung erfahren k\u00f6nnen.<\/p>\n<p style=\"text-align: center;\">Und wenn es um die Serienbeschriftung von Werkzeugen, der Bauteilmarkierung im Flugzeugbau oder der Applikation von Barcodes geht, zeigt der YAG-Laser die breite Palette seiner F\u00e4higkeiten<\/p>\n<p>&nbsp;<\/p>\nngg_shortcode_0_placeholder\n<p style=\"text-align: center;\"><span style=\"font-size: x-small;\">&nbsp;<\/span><\/p>\n<h6 style=\"text-align: center;\">Bildquellen: <a href=\"https:\/\/www.eurolaser.com\/de\/\">eurolaser<\/a> und <a href=\"https:\/\/www.photon-energy.de\">photon energy<\/a><\/h6>\n","protected":false},"excerpt":{"rendered":"<p>Gravuren&nbsp;&nbsp;&nbsp;&nbsp;&nbsp;&nbsp;&nbsp;&nbsp;&nbsp;&nbsp;&nbsp;&nbsp;&nbsp;&nbsp;&nbsp;&nbsp;&nbsp;&nbsp;&nbsp;&nbsp;&nbsp;&nbsp;&nbsp;&nbsp;&nbsp;&nbsp;&nbsp;&nbsp;&nbsp;&nbsp;&nbsp;&nbsp;&nbsp;&nbsp;&nbsp;&nbsp;&nbsp;&nbsp;&nbsp;&nbsp;&nbsp; Filigrane Schnitte&nbsp;&nbsp;&nbsp;&nbsp;&nbsp;&nbsp;&nbsp;&nbsp;&nbsp;&nbsp;&nbsp;&nbsp;&nbsp;&nbsp;&nbsp;&nbsp;&nbsp;&nbsp;&nbsp;&nbsp;&nbsp;&nbsp;&nbsp;&nbsp;&nbsp;&nbsp;&nbsp;&nbsp;&nbsp;&nbsp;&nbsp;&nbsp;&nbsp;&nbsp; Glatte Kanten &nbsp; Lasertechnik&nbsp; &#8211;&nbsp; Schneiden, Gravieren und Markieren Die Lasertechnik bietet eine F\u00fclle von Anwendungsm\u00f6glichkeiten. In der Bandbreite zwischen hochwertigem Formschnitt mit sauber polierten Kanten bei &#8230;<\/p>\n","protected":false},"author":6,"featured_media":0,"parent":0,"menu_order":0,"comment_status":"closed","ping_status":"closed","template":"template-fullwidth.php","meta":{"ngg_post_thumbnail":0,"footnotes":""},"class_list":["post-213","page","type-page","status-publish","hentry"],"_links":{"self":[{"href":"https:\/\/www.kramer-schuster.de\/content\/wp-json\/wp\/v2\/pages\/213","targetHints":{"allow":["GET"]}}],"collection":[{"href":"https:\/\/www.kramer-schuster.de\/content\/wp-json\/wp\/v2\/pages"}],"about":[{"href":"https:\/\/www.kramer-schuster.de\/content\/wp-json\/wp\/v2\/types\/page"}],"author":[{"embeddable":true,"href":"https:\/\/www.kramer-schuster.de\/content\/wp-json\/wp\/v2\/users\/6"}],"replies":[{"embeddable":true,"href":"https:\/\/www.kramer-schuster.de\/content\/wp-json\/wp\/v2\/comments?post=213"}],"version-history":[{"count":65,"href":"https:\/\/www.kramer-schuster.de\/content\/wp-json\/wp\/v2\/pages\/213\/revisions"}],"predecessor-version":[{"id":2321,"href":"https:\/\/www.kramer-schuster.de\/content\/wp-json\/wp\/v2\/pages\/213\/revisions\/2321"}],"wp:attachment":[{"href":"https:\/\/www.kramer-schuster.de\/content\/wp-json\/wp\/v2\/media?parent=213"}],"curies":[{"name":"wp","href":"https:\/\/api.w.org\/{rel}","templated":true}]}}