{"id":202,"date":"2011-10-24T08:34:38","date_gmt":"2011-10-24T08:34:38","guid":{"rendered":"http:\/\/www.kramer-schuster.de\/content\/?page_id=202"},"modified":"2019-01-29T07:06:52","modified_gmt":"2019-01-29T07:06:52","slug":"siebdruck","status":"publish","type":"page","link":"https:\/\/www.kramer-schuster.de\/content\/siebdruck","title":{"rendered":"Drucktechniken"},"content":{"rendered":"<p><img loading=\"lazy\" decoding=\"async\" class=\"alignnone size-full wp-image-288 aligncenter\" title=\"MyChem_Siebdruck\" src=\"https:\/\/www.kramer-schuster.de\/content\/wp-content\/uploads\/MyChem_Siebdruck1.jpg\" alt=\"\" width=\"595\" height=\"333\" srcset=\"https:\/\/www.kramer-schuster.de\/content\/wp-content\/uploads\/MyChem_Siebdruck1.jpg 850w, https:\/\/www.kramer-schuster.de\/content\/wp-content\/uploads\/MyChem_Siebdruck1-300x167.jpg 300w\" sizes=\"auto, (max-width: 595px) 100vw, 595px\" \/><\/p>\n<h3 style=\"text-align: center;\">Siebdruck und Digtaldruck<\/h3>\n<p style=\"text-align: center;\"><span style=\"font-family: Calibri;\">Der Siebdruck steht noch immer f\u00fcr brilliante Farben und ein gutes Preis \/ Leistungsverh\u00e4ltnis bei mittleren und gr\u00f6\u00dferen Auflagen. <\/span><span style=\"font-family: Calibri;\">Einzelst\u00fccke und kleinere Auflagen \u2013 besonders mehrfarbigen Druck und Farbverl\u00e4ufe \u2013 bearbeiten wir im Digitaldruck. Daf\u00fcr stehen moderne Maschinen im Bereich UV Druck und <span class=\"st\">Solventdruck <\/span>zur Verf\u00fcgung. <\/span><span style=\"font-family: Calibri;\">Als besondere Technik bieten wir den Eloxal-Unterdruck an. L\u00f6semittelbest\u00e4ndig, abriebfest und auch durch Bespr\u00fchen mit anderen Farben nicht zu besch\u00e4digen. Eloxalunterdruck ist in der Aussenbeschiderung und der technischen Beschriftung unverzichtbar. <\/span><span style=\"font-family: Calibri;\">In Verbindung mit unserer Stanztechnik, dem Lasern , Fr\u00e4sen und nicht zuletzt <a title=\"Wasserstrahltechnik\" href=\"https:\/\/www.kramer-schuster.de\/content\/wasserstrahltechnik-wasserstrahl-schneiden\">Wasserstrahlschneiden<\/a> sind wir Ihr kompetenter Partner im Bereich <a title=\"Beschilderung\" href=\"https:\/\/www.kramer-schuster.de\/content\/beschilderung\">Beschilderung<\/a>, Frontblenden und Displays. <\/span><span style=\"font-family: Calibri;\">Das Siebdruckverfahren ist gerade auch dann eine probate Drucktechnik, wenn Objekte mit einer schwierigen Geometrie zu beschriften sind.<br \/>\n<\/span><\/p>\n<p style=\"text-align: center;\">&nbsp;<\/p>\nngg_shortcode_0_placeholder\n<p>&nbsp;<\/p>\n","protected":false},"excerpt":{"rendered":"<p>Siebdruck und Digtaldruck Der Siebdruck steht noch immer f\u00fcr brilliante Farben und ein gutes Preis \/ Leistungsverh\u00e4ltnis bei mittleren und gr\u00f6\u00dferen Auflagen. Einzelst\u00fccke und kleinere Auflagen \u2013 besonders mehrfarbigen Druck &#8230;<\/p>\n","protected":false},"author":6,"featured_media":0,"parent":0,"menu_order":0,"comment_status":"closed","ping_status":"closed","template":"template-fullwidth.php","meta":{"ngg_post_thumbnail":0,"footnotes":""},"class_list":["post-202","page","type-page","status-publish","hentry"],"_links":{"self":[{"href":"https:\/\/www.kramer-schuster.de\/content\/wp-json\/wp\/v2\/pages\/202","targetHints":{"allow":["GET"]}}],"collection":[{"href":"https:\/\/www.kramer-schuster.de\/content\/wp-json\/wp\/v2\/pages"}],"about":[{"href":"https:\/\/www.kramer-schuster.de\/content\/wp-json\/wp\/v2\/types\/page"}],"author":[{"embeddable":true,"href":"https:\/\/www.kramer-schuster.de\/content\/wp-json\/wp\/v2\/users\/6"}],"replies":[{"embeddable":true,"href":"https:\/\/www.kramer-schuster.de\/content\/wp-json\/wp\/v2\/comments?post=202"}],"version-history":[{"count":32,"href":"https:\/\/www.kramer-schuster.de\/content\/wp-json\/wp\/v2\/pages\/202\/revisions"}],"predecessor-version":[{"id":2091,"href":"https:\/\/www.kramer-schuster.de\/content\/wp-json\/wp\/v2\/pages\/202\/revisions\/2091"}],"wp:attachment":[{"href":"https:\/\/www.kramer-schuster.de\/content\/wp-json\/wp\/v2\/media?parent=202"}],"curies":[{"name":"wp","href":"https:\/\/api.w.org\/{rel}","templated":true}]}}