{"id":191,"date":"2011-10-24T07:57:59","date_gmt":"2011-10-24T07:57:59","guid":{"rendered":"http:\/\/www.kramer-schuster.de\/content\/?page_id=191"},"modified":"2019-01-23T11:06:17","modified_gmt":"2019-01-23T11:06:17","slug":"wasserstrahltechnik-wasserstrahl-schneiden","status":"publish","type":"page","link":"https:\/\/www.kramer-schuster.de\/content\/wasserstrahltechnik-wasserstrahl-schneiden","title":{"rendered":"Wasserstrahltechnik"},"content":{"rendered":"<p><img loading=\"lazy\" decoding=\"async\" class=\"alignnone wp-image-410 size-full aligncenter\" title=\"OMAX_Productbilder\" src=\"https:\/\/www.kramer-schuster.de\/content\/wp-content\/uploads\/portfolio.jpg\" alt=\"\" width=\"850\" height=\"475\" srcset=\"https:\/\/www.kramer-schuster.de\/content\/wp-content\/uploads\/portfolio.jpg 850w, https:\/\/www.kramer-schuster.de\/content\/wp-content\/uploads\/portfolio-300x167.jpg 300w\" sizes=\"auto, (max-width: 850px) 100vw, 850px\" \/><\/p>\n<h3 style=\"text-align: center;\">Wasserstrahltechnik<\/h3>\n<p style=\"text-align: center;\">Mit Wasser Stahl schneiden? Die Wasserstrahltechnik er\u00f6ffnet mit ihrer CNC-gesteuerten passgenauen Technik eine F\u00fclle neuer Bearbeitungsm\u00f6glichkeiten f\u00fcr Edelstahl, Aluminium, Buntmetalle, Kunststoffe, Keramik, Glas, Natur- und Kunststeine, Holz, Gummi, Schaumstoffe und noch einiges Anderes. Ein weniger als ein Millimeter feiner Wasserstrahl durchschneidet mit dem Druck von 3600 bar und mit Beimischung von kleink\u00f6rnigem Spezialsand, dem Abrassiv,&nbsp; Stahlplatten bis zu 200 Millimeter. Und ob eine Gehwegplatte getrennt oder eine k\u00fcnstlerische Form wie auf unserem Beispielfoto geschnitten werden soll, das Wasserstrahlschneiden bietet f\u00fcr individuelle Probleme oft unkonventionelle L\u00f6sungen. Gerade in der Zusammenarbeit mit unserer Fr\u00e4s- und <a title=\"Gravurtechnik\" href=\"https:\/\/www.kramer-schuster.de\/content\/gravurtechnik\">Graviertechnik<\/a>, die mit kompatiblen CNC-Programmen arbeitet,&nbsp; werden&nbsp; vielschichtige Arbeiten im Bereich der Beschilderung, der individuellen Produktion von Pokalen oder der Ausgestalltung von Geb\u00e4uden, Terrassen etc. m\u00f6glich. Von der Wasserstrahltechnik vor- oder formgeschnitten, von Fr\u00e4sen \u00fcberarbeitet und graviert und im <a title=\"Siebdruck\" href=\"https:\/\/www.kramer-schuster.de\/content\/siebdruck\">Siebdruck<\/a> oder mit dem UV-Drucker mit Ihrem Logo aufgewertet, erhalten Sie so ein Produkt, dass die gesamte Breite Ihrer Produktw\u00fcnsche abdeckt.<\/p>\nngg_shortcode_0_placeholder\n<p>&nbsp;<\/p>\n<p style=\"text-align: center;\"><span style=\"text-decoration: underline;\"><span style=\"color: #808080;\"><a title=\"Flyer Wasserstrahltechnik\" href=\"https:\/\/www.kramer-schuster.de\/content\/wp-content\/uploads\/Flyer-WEBSITE-Wasserstrahl09_20111.pdf\"><span style=\"color: #808080; text-decoration: underline;\">Unser Flyer zum Downlaod!<\/span><\/a><\/span><\/span><\/p>\n<p style=\"text-align: center;\">&nbsp;<\/p>\n<h6 style=\"text-align: center;\">Bildquellen: <a href=\"http:\/\/www.innomax-wasserstrahlschneiden.de\">innomax<\/a><\/h6>\n","protected":false},"excerpt":{"rendered":"<p>Wasserstrahltechnik Mit Wasser Stahl schneiden? Die Wasserstrahltechnik er\u00f6ffnet mit ihrer CNC-gesteuerten passgenauen Technik eine F\u00fclle neuer Bearbeitungsm\u00f6glichkeiten f\u00fcr Edelstahl, Aluminium, Buntmetalle, Kunststoffe, Keramik, Glas, Natur- und Kunststeine, Holz, Gummi, Schaumstoffe &#8230;<\/p>\n","protected":false},"author":6,"featured_media":0,"parent":0,"menu_order":0,"comment_status":"closed","ping_status":"closed","template":"template-fullwidth.php","meta":{"ngg_post_thumbnail":0,"footnotes":""},"class_list":["post-191","page","type-page","status-publish","hentry"],"_links":{"self":[{"href":"https:\/\/www.kramer-schuster.de\/content\/wp-json\/wp\/v2\/pages\/191","targetHints":{"allow":["GET"]}}],"collection":[{"href":"https:\/\/www.kramer-schuster.de\/content\/wp-json\/wp\/v2\/pages"}],"about":[{"href":"https:\/\/www.kramer-schuster.de\/content\/wp-json\/wp\/v2\/types\/page"}],"author":[{"embeddable":true,"href":"https:\/\/www.kramer-schuster.de\/content\/wp-json\/wp\/v2\/users\/6"}],"replies":[{"embeddable":true,"href":"https:\/\/www.kramer-schuster.de\/content\/wp-json\/wp\/v2\/comments?post=191"}],"version-history":[{"count":41,"href":"https:\/\/www.kramer-schuster.de\/content\/wp-json\/wp\/v2\/pages\/191\/revisions"}],"predecessor-version":[{"id":1914,"href":"https:\/\/www.kramer-schuster.de\/content\/wp-json\/wp\/v2\/pages\/191\/revisions\/1914"}],"wp:attachment":[{"href":"https:\/\/www.kramer-schuster.de\/content\/wp-json\/wp\/v2\/media?parent=191"}],"curies":[{"name":"wp","href":"https:\/\/api.w.org\/{rel}","templated":true}]}}