{"id":1368,"date":"2017-04-25T09:27:24","date_gmt":"2017-04-25T09:27:24","guid":{"rendered":"http:\/\/www.kramer-schuster.de\/content\/?page_id=1368"},"modified":"2019-01-23T14:07:16","modified_gmt":"2019-01-23T14:07:16","slug":"beschilderung","status":"publish","type":"page","link":"https:\/\/www.kramer-schuster.de\/content\/beschilderung","title":{"rendered":"Beschilderung"},"content":{"rendered":"<p><img loading=\"lazy\" decoding=\"async\" class=\"size-full wp-image-270 aligncenter\" title=\"Peek_Messingschild\" src=\"https:\/\/www.kramer-schuster.de\/content\/wp-content\/uploads\/Peek_Messingschild1.jpg\" alt=\"\" width=\"595\" height=\"333\" srcset=\"https:\/\/www.kramer-schuster.de\/content\/wp-content\/uploads\/Peek_Messingschild1.jpg 850w, https:\/\/www.kramer-schuster.de\/content\/wp-content\/uploads\/Peek_Messingschild1-300x167.jpg 300w\" sizes=\"auto, (max-width: 595px) 100vw, 595px\" \/><\/p>\n<h3 style=\"text-align: center;\">Dekoration und Funktionalit\u00e4t<\/h3>\n<p style=\"text-align: center;\">Ob dekorative Beschilderung f\u00fcr Ihr Erscheinungsbild oder funktionelle Beschriftungen f\u00fcr den Anlagenbau, Sie finden bei uns das Richtige! In unserer Galerie finden Sie einige sch\u00f6ne Beispiele, schauen Sie gern rein!<\/p>\n<p style=\"text-align: left;\">&nbsp;ngg_shortcode_0_placeholder<\/p>\n","protected":false},"excerpt":{"rendered":"<p>Dekoration und Funktionalit\u00e4t Ob dekorative Beschilderung f\u00fcr Ihr Erscheinungsbild oder funktionelle Beschriftungen f\u00fcr den Anlagenbau, Sie finden bei uns das Richtige! In unserer Galerie finden Sie einige sch\u00f6ne Beispiele, schauen &#8230;<\/p>\n","protected":false},"author":6,"featured_media":0,"parent":0,"menu_order":0,"comment_status":"closed","ping_status":"closed","template":"template-fullwidth.php","meta":{"ngg_post_thumbnail":0,"footnotes":""},"class_list":["post-1368","page","type-page","status-publish","hentry"],"_links":{"self":[{"href":"https:\/\/www.kramer-schuster.de\/content\/wp-json\/wp\/v2\/pages\/1368","targetHints":{"allow":["GET"]}}],"collection":[{"href":"https:\/\/www.kramer-schuster.de\/content\/wp-json\/wp\/v2\/pages"}],"about":[{"href":"https:\/\/www.kramer-schuster.de\/content\/wp-json\/wp\/v2\/types\/page"}],"author":[{"embeddable":true,"href":"https:\/\/www.kramer-schuster.de\/content\/wp-json\/wp\/v2\/users\/6"}],"replies":[{"embeddable":true,"href":"https:\/\/www.kramer-schuster.de\/content\/wp-json\/wp\/v2\/comments?post=1368"}],"version-history":[{"count":7,"href":"https:\/\/www.kramer-schuster.de\/content\/wp-json\/wp\/v2\/pages\/1368\/revisions"}],"predecessor-version":[{"id":1934,"href":"https:\/\/www.kramer-schuster.de\/content\/wp-json\/wp\/v2\/pages\/1368\/revisions\/1934"}],"wp:attachment":[{"href":"https:\/\/www.kramer-schuster.de\/content\/wp-json\/wp\/v2\/media?parent=1368"}],"curies":[{"name":"wp","href":"https:\/\/api.w.org\/{rel}","templated":true}]}}